{"id":6188,"date":"2019-04-29T13:59:26","date_gmt":"2019-04-29T13:59:26","guid":{"rendered":"http:\/\/gustykite.net\/datenschutz-bestimmungen\/"},"modified":"2026-02-26T04:05:52","modified_gmt":"2026-02-26T04:05:52","slug":"datenschutz-bestimmungen","status":"publish","type":"page","link":"https:\/\/gustykite.net\/de\/datenschutz-bestimmungen\/","title":{"rendered":"Privacy &amp; Cookie Policy"},"content":{"rendered":"<h3>Datenschutz &amp; Haftungsausschluss<\/h3>\n<p>Als Betreiber dieser Website nehmen wir den Schutz Ihrer pers\u00f6nlichen Daten sehr ernst. Wir behandeln Ihre personenbezogenen Daten vertraulich und verarbeiten sie gem\u00e4\u00df den Datenschutzgesetzen sowie den Bestimmungen dieser Erkl\u00e4rung.<br \/>Grunds\u00e4tzlich ist es m\u00f6glich, unsere Website zu nutzen, ohne personenbezogene Daten anzugeben. Soweit dies m\u00f6glich ist, bleibt die Bereitstellung pers\u00f6nlicher Informationen (z. B. Name, Adresse, E-Mail-Adresse) auf unserer Website freiwillig. Diese Informationen werden ohne Ihre ausdr\u00fcckliche Zustimmung nicht an Dritte weitergegeben.<br \/>Bitte beachten Sie, dass bei der \u00dcbertragung von Informationen \u00fcber das Internet (z. B. per E-Mail) manchmal Sicherheitsprobleme auftreten k\u00f6nnen. Es ist daher nicht m\u00f6glich, einen wasserdichten Schutz der Daten vor dem Zugriff durch Dritte zu gew\u00e4hrleisten.<\/p>\n<h3>Cookies<\/h3>\n<p><script id=\"CookieDeclaration\" src=\"https:\/\/consent.cookiebot.com\/92346b0a-6de1-4a12-8a72-9c7e4744d038\/cd.js\" type=\"text\/javascript\" async=\"\"><\/script><\/p>\n\n<h3>\n          <strong>Google Analytics-Haftungsausschluss<\/strong>\n        <\/h3>\n\n<p>Diese Website verwendet Google Analytics, einen Webanalysedienst von Google, Inc. (\u201eGoogle\u201c). Google Analytics verwendet &#8222;Cookies&#8220;, Textdateien, die auf Ihrem Computer abgelegt werden, damit die Website analysieren kann, wie Besucher die Website nutzen. Die durch den Cookie erzeugten Informationen \u00fcber Ihre Nutzung der Website (einschlie\u00dflich Ihrer IP-Adresse) werden an Google in den USA \u00fcbertragen und dort gespeichert. Google wird diese Informationen verwenden, um Ihre Nutzung der Website zu bewerten, Berichte \u00fcber Website-Aktivit\u00e4ten f\u00fcr Website-Betreiber zu erstellen und andere Dienste im Zusammenhang mit Website-Aktivit\u00e4ten und Internetnutzung bereitzustellen. Google kann diese Informationen auch an Dritte weitergeben, wenn dies gesetzlich vorgeschrieben ist oder wenn diese Dritten die Informationen im Auftrag von Google verarbeiten. Google wird Ihre IP-Adresse nicht mit anderen Daten von Google verkn\u00fcpfen. Sie k\u00f6nnen die Verwendung von Cookies ablehnen, indem Sie die entsprechenden Einstellungen in Ihrem Browser ausw\u00e4hlen. Beachten Sie jedoch, dass Sie in diesem Fall m\u00f6glicherweise nicht alle Funktionen dieser Website nutzen k\u00f6nnen. Durch die Nutzung dieser Website stimmen Sie der Verarbeitung von Daten \u00fcber Sie durch Google in der oben beschriebenen Weise und zu den oben genannten Zwecken zu. Sie k\u00f6nnen die Erfassung und Verwendung von Daten (Cookies und IP-Adresse) durch Google verhindern, indem Sie das unter tools.google.com\/dlpage\/gaoptout verf\u00fcgbare Browser-Plug-In herunterladen und installieren. Bitte beachten Sie, dass diese Website Google Analytics mit der Einstellung anonymizeIp initialisiert. Dies garantiert eine anonymisierte Datenerfassung, indem der letzte Teil Ihrer IP-Adresse maskiert wird. Weitere Informationen zu den Nutzungsbedingungen und zum Datenschutz finden Sie unter www.google.com\/analytics \/terms\/gb.html oder unter www.google.com\/intl\/en_uk\/analytics\/privacyoverview.html<\/p>\n\n<h3>Server Log Files (Server-Protokolldateien)<\/h3>\n\n<p>Der Betreiber dieser Website sammelt und speichert automatisch Informationen in sogenannten Server-Protokolldateien, die von Ihrem Browser automatisch an uns \u00fcbermittelt werden. Diese sind:<\/p>\n\n<p>Browsertyp\/Browser-Version<br\/>Betriebssystem<br\/>Referrer-URL<br\/>Hostname des zugreifenden Computers<br\/>Zeitpunkt der Anfrage an den Server<\/p>\n\n<p>Diese Informationen k\u00f6nnen nicht mit bestimmten Personen verkn\u00fcpft werden und werden nicht mit Informationen aus anderen Datenquellen kombiniert. Wir behalten uns das Recht vor, Informationen zu einem sp\u00e4teren Zeitpunkt zu \u00fcberpr\u00fcfen, wenn wir konkrete Beweise daf\u00fcr haben, dass sie rechtswidrig verwendet werden.<\/p>\n\n<h3>Kontakt Formular<\/h3>\n\n<p>Wenn Sie uns \u00fcber unser Kontaktformular eine Anfrage senden, speichern wir Ihre Anfrage einschlie\u00dflich aller Kontaktdaten, die Sie zum Zwecke der Bearbeitung Ihrer Anfrage und nachfolgender Fragen angegeben haben. Wir werden diese Daten nicht ohne Ihre Zustimmung weitergeben.<\/p>\n\n<h3>Haftungsausschluss<\/h3>\n\n<p>Diese Website dient ausschlie\u00dflich Informationszwecken und stellt keinen Vertrag dar. Der Entwickler beh\u00e4lt sich das Recht vor, einige oder alle Materialien, Elemente und Dienstleistungen durch ein entsprechendes \u00c4quivalent zu \u00e4ndern oder zu ersetzen. Alle bereitgestellten Informationen, Beschreibungen und Einrichtungen sowie Verkaufspl\u00e4ne sind nur repr\u00e4sentativer Natur und daher noch nicht bindend, da insbesondere technische, wirtschaftliche oder rechtliche Faktoren und \/ oder beh\u00f6rdliche Vorschriften und Richtlinien \u00c4nderungen erfordern k\u00f6nnen oder \u00c4nderungen.<\/p>\n\n<p>Alle Bilder und Fotos dienen nur als Beispiele und d\u00fcrfen Elemente \/ Teile \/ Beschl\u00e4ge enthalten, die weder im Standardmodell noch im Kaufpreis enthalten sind. Bitte beachten Sie au\u00dferdem, dass es in Farbe, Oberfl\u00e4chenbeschaffenheit, Material und Konstruktion abweichen kann.<\/p>\n\n<p>Jegliche Verbindlichkeiten oder Gew\u00e4hrleistungen sind daher von Seiten einer auf dieser Website genannten Vertragspartei und \/ oder ihrer Mitarbeiter oder K\u00f6rperschaften ausgeschlossen. Es wird keine Haftung oder Garantie in Bezug auf die zuk\u00fcnftige Erf\u00fcllung oder Nichterf\u00fcllung bestimmter Ereignisse, Erwartungen, Annahmen usw. \u00fcbernommen. Gustykite ist nicht verpflichtet, Aktualisierungen, Erg\u00e4nzungen, Erg\u00e4nzungen oder weitere Informationen zu zuk\u00fcnftigen \u00c4nderungen auf dieser Website bereitzustellen<\/p>\n","protected":false},"excerpt":{"rendered":"<p>Datenschutz &amp; Haftungsausschluss Als Betreiber dieser Website nehmen wir den Schutz Ihrer pers\u00f6nlichen Daten sehr ernst. Wir behandeln Ihre personenbezogenen Daten vertraulich und verarbeiten sie gem\u00e4\u00df den Datenschutzgesetzen sowie den Bestimmungen dieser Erkl\u00e4rung.Grunds\u00e4tzlich ist es m\u00f6glich, unsere Website zu nutzen, ohne personenbezogene Daten anzugeben. Soweit dies m\u00f6glich ist, bleibt die Bereitstellung pers\u00f6nlicher Informationen (z. B. [&hellip;]<\/p>\n","protected":false},"author":1,"featured_media":0,"parent":0,"menu_order":0,"comment_status":"closed","ping_status":"closed","template":"","meta":{"_joinchat":[]},"_links":{"self":[{"href":"https:\/\/gustykite.net\/de\/wp-json\/wp\/v2\/pages\/6188"}],"collection":[{"href":"https:\/\/gustykite.net\/de\/wp-json\/wp\/v2\/pages"}],"about":[{"href":"https:\/\/gustykite.net\/de\/wp-json\/wp\/v2\/types\/page"}],"author":[{"embeddable":true,"href":"https:\/\/gustykite.net\/de\/wp-json\/wp\/v2\/users\/1"}],"replies":[{"embeddable":true,"href":"https:\/\/gustykite.net\/de\/wp-json\/wp\/v2\/comments?post=6188"}],"version-history":[{"count":3,"href":"https:\/\/gustykite.net\/de\/wp-json\/wp\/v2\/pages\/6188\/revisions"}],"predecessor-version":[{"id":7891,"href":"https:\/\/gustykite.net\/de\/wp-json\/wp\/v2\/pages\/6188\/revisions\/7891"}],"wp:attachment":[{"href":"https:\/\/gustykite.net\/de\/wp-json\/wp\/v2\/media?parent=6188"}],"curies":[{"name":"wp","href":"https:\/\/api.w.org\/{rel}","templated":true}]}}