{"id":6481,"date":"2019-04-29T13:59:26","date_gmt":"2019-04-29T13:59:26","guid":{"rendered":"http:\/\/gustykite.net\/politique-de-confidentialite\/"},"modified":"2026-02-26T04:04:31","modified_gmt":"2026-02-26T04:04:31","slug":"politique-de-confidentialite","status":"publish","type":"page","link":"https:\/\/gustykite.net\/fr\/politique-de-confidentialite\/","title":{"rendered":"Privacy &amp; Cookie Policy"},"content":{"rendered":"<h3>Protection des donn\u00e9es et avis de non-responsabilit\u00e9<\/h3>\n<p>En tant qu&rsquo;exploitants de ce site, nous prenons la protection de vos informations personnelles tr\u00e8s au s\u00e9rieux. Nous traitons vos informations personnelles de mani\u00e8re confidentielle et les g\u00e9rons conform\u00e9ment \u00e0 la l\u00e9gislation sur la protection des donn\u00e9es ainsi qu&rsquo;aux termes de la pr\u00e9sente d\u00e9claration.<br \/>Il est en principe possible d&rsquo;utiliser notre site web sans fournir aucune information personnelle. Dans la mesure du possible, la fourniture d&rsquo;informations personnelles (par exemple, nom, adresse, adresse e-mail) \u00e0 notre site restera volontaire. Such information will not be disclosed to third parties without your express consent.<br \/>Please note that there can sometimes be security issues when information is transmitted over the internet (e.g. via email). Il n&rsquo;est donc pas possible de garantir une protection \u00e9tanche des donn\u00e9es contre l&rsquo;acc\u00e8s par des tiers.<\/p>\n<h3>Cookies<\/h3>\n<p><script id=\"CookieDeclaration\" src=\"https:\/\/consent.cookiebot.com\/92346b0a-6de1-4a12-8a72-9c7e4744d038\/cd.js\" type=\"text\/javascript\" async=\"\"><\/script><\/p>\n\n<h3>\n          <strong>Avis de non-responsabilit\u00e9 de Google Analytics<\/strong>\n        <\/h3>\n\n<p>Ce site Web utilise Google Analytics, un service d&rsquo;analyse Web fourni par Google, Inc. (\u00ab\u00a0Google\u00a0\u00bb). Google Analytics utilise des \u00ab cookies \u00bb, qui sont des fichiers texte plac\u00e9s sur votre ordinateur pour aider le site Web \u00e0 analyser la fa\u00e7on dont les visiteurs utilisent le site. Les informations g\u00e9n\u00e9r\u00e9es par le cookie concernant votre utilisation du site Web (y compris votre adresse IP) seront transmises et stock\u00e9es par Google sur des serveurs aux \u00c9tats-Unis. Google utilisera ces informations dans le but d&rsquo;\u00e9valuer votre utilisation du site Web, de compiler des rapports sur l&rsquo;activit\u00e9 du site Web pour les op\u00e9rateurs de site Web et de fournir d&rsquo;autres services li\u00e9s \u00e0 l&rsquo;activit\u00e9 du site Web et \u00e0 l&rsquo;utilisation d&rsquo;Internet. Google peut \u00e9galement transf\u00e9rer ces informations \u00e0 des tiers lorsque la loi l&rsquo;exige ou lorsque ces tiers traitent les informations au nom de Google. Google n&rsquo;associera votre adresse IP \u00e0 aucune autre donn\u00e9e d\u00e9tenue par Google. Vous pouvez refuser l&rsquo;utilisation de cookies en s\u00e9lectionnant les param\u00e8tres appropri\u00e9s de votre navigateur, cependant veuillez noter que si vous faites cela, vous ne pourrez peut-\u00eatre pas utiliser toutes les fonctionnalit\u00e9s de ce site Web. En utilisant ce site Internet, vous consentez au traitement des donn\u00e9es vous concernant par Google de la mani\u00e8re et aux fins d\u00e9crites ci-dessus. Vous pouvez emp\u00eacher la collecte et l&rsquo;utilisation des donn\u00e9es par Google (cookies et adresse IP) en t\u00e9l\u00e9chargeant et en installant le plug-in de navigateur disponible sous tools.google.com\/dlpage\/gaoptout. Veuillez noter que ce site Web initialise Google Analytics avec le param\u00e8tre anonymizeIp Cela garantit une collecte de donn\u00e9es anonyme en masquant la derni\u00e8re partie de votre adresse IP. De plus amples informations concernant les conditions d&rsquo;utilisation et la confidentialit\u00e9 des donn\u00e9es sont disponibles sur www.google.com\/analytics \/terms\/gb.html ou sur www.google.com\/intl\/en_uk\/analytics\/privacyoverview.html<\/p>\n\n<h3>Fichiers Journaux du Serveur<\/h3>\n\n<p>L&rsquo;exploitant de ce site collecte et stocke automatiquement des informations dans des fichiers journaux du serveur, qui nous sont transmis automatiquement par votre navigateur. Ceux-ci sont:<\/p>\n\n<p>Type de navigateur\/version du navigateur<br\/>Syst\u00e8me d&rsquo;exploitation<br\/>URL de r\u00e9f\u00e9rence<br\/>Nom d&rsquo;h\u00f4te de l&rsquo;ordinateur acc\u00e9dant au site<br\/>Heure de la requ\u00eate au serveur<\/p>\n\n<p>Ces informations ne peuvent pas \u00eatre li\u00e9es \u00e0 des personnes sp\u00e9cifiques et ne seront pas combin\u00e9es avec des informations provenant d&rsquo;autres sources de donn\u00e9es. Nous nous r\u00e9servons le droit de v\u00e9rifier les informations \u00e0 un stade ult\u00e9rieur si nous avons des preuves concr\u00e8tes qu&rsquo;elles sont utilis\u00e9es ill\u00e9galement.<\/p>\n\n<h3>Formulaire de contact<\/h3>\n\n<p>Si vous nous envoyez une demande \u00e0 l&rsquo;aide de notre formulaire de contact, nous conserverons votre demande, y compris toutes les coordonn\u00e9es que vous avez fournies dans le but de traiter votre demande et toute question ult\u00e9rieure. Nous ne transmettrons pas ces donn\u00e9es sans votre accord.<\/p>\n\n<h3>Avertissement<\/h3>\n\n<p>Ce site Web est uniquement \u00e0 des fins d&rsquo;information et ne repr\u00e9sente pas un contrat. Le d\u00e9veloppeur se r\u00e9serve le droit de modifier ou de remplacer tout ou partie des mat\u00e9riaux, \u00e9l\u00e9ments et services par un \u00e9quivalent appropri\u00e9. Toutes les informations fournies, les descriptions et ses installations, ainsi que tous les plans de vente sont uniquement destin\u00e9s \u00e0 \u00eatre de nature repr\u00e9sentative et ne sont donc pas encore contraignants, car des facteurs techniques, \u00e9conomiques ou juridiques et\/ou des r\u00e9glementations et directives gouvernementales en particulier peuvent n\u00e9cessiter des modifications. ou des modifications.<\/p>\n\n<p>Toutes les images et photographies ne servent qu&rsquo;\u00e0 titre d&rsquo;exemple et peuvent contenir des \u00e9l\u00e9ments\/pi\u00e8ces\/\u00e9quipements qui ne sont inclus ni dans le mod\u00e8le standard ni dans le prix d&rsquo;achat. De plus, veuillez noter qu&rsquo;il peut diff\u00e9rer en termes de couleur, de finition de surface, de mat\u00e9riaux et de construction.<\/p>\n\n<p>Toute responsabilit\u00e9 ou garantie est donc exclue de la part de toute partie contractuelle nomm\u00e9e sur ce site Web et\/ou de ses employ\u00e9s ou organes. Aucune responsabilit\u00e9 ou garantie ne sera assum\u00e9e en ce qui concerne l&rsquo;accomplissement ou le non-accomplissement futur d&rsquo;\u00e9v\u00e9nements, d&rsquo;attentes, d&rsquo;hypoth\u00e8ses, etc. Gustykite n&rsquo;est pas tenu de fournir des mises \u00e0 jour, des suppl\u00e9ments, des ajouts ou d&rsquo;autres informations concernant les changements futurs li\u00e9s \u00e0 ce site Web.<\/p>\n","protected":false},"excerpt":{"rendered":"<p>Protection des donn\u00e9es et avis de non-responsabilit\u00e9 En tant qu&rsquo;exploitants de ce site, nous prenons la protection de vos informations personnelles tr\u00e8s au s\u00e9rieux. Nous traitons vos informations personnelles de mani\u00e8re confidentielle et les g\u00e9rons conform\u00e9ment \u00e0 la l\u00e9gislation sur la protection des donn\u00e9es ainsi qu&rsquo;aux termes de la pr\u00e9sente d\u00e9claration.Il est en principe possible [&hellip;]<\/p>\n","protected":false},"author":1,"featured_media":0,"parent":0,"menu_order":0,"comment_status":"closed","ping_status":"closed","template":"","meta":{"_joinchat":[]},"_links":{"self":[{"href":"https:\/\/gustykite.net\/fr\/wp-json\/wp\/v2\/pages\/6481"}],"collection":[{"href":"https:\/\/gustykite.net\/fr\/wp-json\/wp\/v2\/pages"}],"about":[{"href":"https:\/\/gustykite.net\/fr\/wp-json\/wp\/v2\/types\/page"}],"author":[{"embeddable":true,"href":"https:\/\/gustykite.net\/fr\/wp-json\/wp\/v2\/users\/1"}],"replies":[{"embeddable":true,"href":"https:\/\/gustykite.net\/fr\/wp-json\/wp\/v2\/comments?post=6481"}],"version-history":[{"count":2,"href":"https:\/\/gustykite.net\/fr\/wp-json\/wp\/v2\/pages\/6481\/revisions"}],"predecessor-version":[{"id":7889,"href":"https:\/\/gustykite.net\/fr\/wp-json\/wp\/v2\/pages\/6481\/revisions\/7889"}],"wp:attachment":[{"href":"https:\/\/gustykite.net\/fr\/wp-json\/wp\/v2\/media?parent=6481"}],"curies":[{"name":"wp","href":"https:\/\/api.w.org\/{rel}","templated":true}]}}