{"id":6482,"date":"2019-04-29T14:02:28","date_gmt":"2019-04-29T14:02:28","guid":{"rendered":"http:\/\/gustykite.net\/termes-conditions\/"},"modified":"2025-05-30T13:55:29","modified_gmt":"2025-05-30T13:55:29","slug":"termes-conditions","status":"publish","type":"page","link":"https:\/\/gustykite.net\/fr\/termes-conditions\/","title":{"rendered":"Termes et Conditions"},"content":{"rendered":"<h3>Politique de remboursement \u00e9thique<\/h3>\n<p>\n            <strong>(Pas de vent-Pas de paiement)<\/strong>\n          <\/p>\n<p>Nous remboursons toutes les heures non utilis\u00e9es \u00e0 la valeur correspondante de ce qui a \u00e9t\u00e9 fait, sur la base des forfaits existants (2, 6 ou 12 heures)<\/p>\n<p>Exemple : Vous r\u00e9servez un cours de 6 heures, mais n&rsquo;avez pu suivre que 2 heures ; nous facturons le forfait de 2 heures.<\/p>\n<p>Si aucune heure n&rsquo;est faite, nous ne garderons que des frais de gestion minimes de 25 \u20ac.<\/p>\n<p>Alternativement, afin de conserver la valeur horaire du forfait, nous pouvons conserver les heures restantes en cr\u00e9dit \u00e0 utiliser dans les 12 mois.<\/p>\n<\/p>\n<h3>R\u00e9servation &amp; Paiement<\/h3>\n<p>Acompte d\u00e9ductible de 15 % avec des frais de gestion non remboursables de 25 \u20ac, en cas de non-utilisation des heures en raison de l&rsquo;absence de vent. Le paiement restant doit \u00eatre effectu\u00e9 5 jours avant la date du cours et toutes les le\u00e7ons non utilis\u00e9es, uniquement en raison de l&rsquo;absence de vent, seront int\u00e9gralement rembours\u00e9es.<\/p>\n<p>Tous les cours sont valables 3 mois, sauf s&rsquo;il n&rsquo;y a toujours pas de conditions de vent.<\/p>\n<p>Les prochains cours sont g\u00e9n\u00e9ralement programm\u00e9s \u00e0 la fin de la le\u00e7on ou jusqu&rsquo;\u00e0 la fin de la journ\u00e9e.<\/p>\n<\/p>\n<h3>Conditions g\u00e9n\u00e9rales<\/h3>\n<p>Les instructeurs Gustykite.net sont certifi\u00e9s au niveau international et national et avec plusieurs ann\u00e9es d&rsquo;exp\u00e9rience prouv\u00e9e \u00e0 travers le monde dans diff\u00e9rentes conditions.<\/p>\n<p>Nous nous conformons pleinement \u00e0 toutes les exigences l\u00e9gales nationales et aux certifications de l&rsquo;IPDJ et du FPV.<\/p>\n<p>Le client doit s&rsquo;engager \u00e0 suivre les indications des instructeurs sur o\u00f9 \u00eatre, quoi ou comment faire les choses. Le non-respect de ces consignes peut conduire \u00e0 terminer le cours imm\u00e9diatement sans aucun remboursement. Gustykite ne prendra pas en charge et nos assurances ne couvriront aucun dommage \u00e0 vous ou \u00e0 autrui si cet engagement n&rsquo;est pas respect\u00e9.<\/p>\n<p>Gustykite fournit tout le mat\u00e9riel technique n\u00e9cessaire (hors combinaison) : taille et forme adapt\u00e9es du cerf-volant, planche et harnais et \u00e9quipement de s\u00e9curit\u00e9 (gilet antichoc, casque et syst\u00e8mes de s\u00e9curit\u00e9).<\/p>\n<p>L&rsquo;\u00e9tudiant s&rsquo;engage \u00e0 porter tout l&rsquo;\u00e9quipement de s\u00e9curit\u00e9 et toute autre chose recommand\u00e9e par les instructeurs. La d\u00e9cision de ne pas les utiliser est d\u00e9cid\u00e9e uniquement par le client et les assurances ne sont pas valables.<\/p>\n<\/p>\n<h3>Annulation et non-pr\u00e9sentation<\/h3>\n<p>La le\u00e7on est consid\u00e9r\u00e9e comme prise si le client ne se pr\u00e9sente pas 15 minutes apr\u00e8s l&rsquo;heure pr\u00e9vue. Aucun remboursement n&rsquo;est d\u00fb et le report ira \u00e0 la fin de la ligne de r\u00e9servation.<\/p>\n<p>Aucune annulation n&rsquo;est autoris\u00e9e, \u00e0 l&rsquo;exception de probl\u00e8mes de sant\u00e9 ou de s\u00e9curit\u00e9 certifi\u00e9s et prouv\u00e9s s\u00e9rieux o\u00f9 nous pouvons trouver une solution de remboursement \u00e9quilibr\u00e9e bas\u00e9e sur la raison et le temps \u00e0 l&rsquo;avance.<\/p>\n<p>La perte de tout \u00e9quipement implique le paiement de 75 % du prix de vente.<\/p>\n\n<p><\/p>\n","protected":false},"excerpt":{"rendered":"<p>Politique de remboursement \u00e9thique (Pas de vent-Pas de paiement) Nous remboursons toutes les heures non utilis\u00e9es \u00e0 la valeur correspondante de ce qui a \u00e9t\u00e9 fait, sur la base des forfaits existants (2, 6 ou 12 heures) Exemple : Vous r\u00e9servez un cours de 6 heures, mais n&rsquo;avez pu suivre que 2 heures ; nous [&hellip;]<\/p>\n","protected":false},"author":1,"featured_media":0,"parent":0,"menu_order":0,"comment_status":"closed","ping_status":"closed","template":"","meta":{"_joinchat":[]},"_links":{"self":[{"href":"https:\/\/gustykite.net\/fr\/wp-json\/wp\/v2\/pages\/6482"}],"collection":[{"href":"https:\/\/gustykite.net\/fr\/wp-json\/wp\/v2\/pages"}],"about":[{"href":"https:\/\/gustykite.net\/fr\/wp-json\/wp\/v2\/types\/page"}],"author":[{"embeddable":true,"href":"https:\/\/gustykite.net\/fr\/wp-json\/wp\/v2\/users\/1"}],"replies":[{"embeddable":true,"href":"https:\/\/gustykite.net\/fr\/wp-json\/wp\/v2\/comments?post=6482"}],"version-history":[{"count":10,"href":"https:\/\/gustykite.net\/fr\/wp-json\/wp\/v2\/pages\/6482\/revisions"}],"predecessor-version":[{"id":7692,"href":"https:\/\/gustykite.net\/fr\/wp-json\/wp\/v2\/pages\/6482\/revisions\/7692"}],"wp:attachment":[{"href":"https:\/\/gustykite.net\/fr\/wp-json\/wp\/v2\/media?parent=6482"}],"curies":[{"name":"wp","href":"https:\/\/api.w.org\/{rel}","templated":true}]}}