{"id":7758,"date":"2024-04-02T11:31:13","date_gmt":"2024-04-02T11:31:13","guid":{"rendered":"https:\/\/gustykite.net\/reserve-deja\/"},"modified":"2026-02-26T02:14:22","modified_gmt":"2026-02-26T02:14:22","slug":"reserve-deja","status":"publish","type":"page","link":"https:\/\/gustykite.net\/fr\/reserve-deja\/","title":{"rendered":"R\u00e9serve D\u00e9j\u00e0"},"content":{"rendered":"","protected":false},"excerpt":{"rendered":"","protected":false},"author":6,"featured_media":0,"parent":0,"menu_order":0,"comment_status":"closed","ping_status":"closed","template":"","meta":{"_joinchat":[]},"_links":{"self":[{"href":"https:\/\/gustykite.net\/fr\/wp-json\/wp\/v2\/pages\/7758"}],"collection":[{"href":"https:\/\/gustykite.net\/fr\/wp-json\/wp\/v2\/pages"}],"about":[{"href":"https:\/\/gustykite.net\/fr\/wp-json\/wp\/v2\/types\/page"}],"author":[{"embeddable":true,"href":"https:\/\/gustykite.net\/fr\/wp-json\/wp\/v2\/users\/6"}],"replies":[{"embeddable":true,"href":"https:\/\/gustykite.net\/fr\/wp-json\/wp\/v2\/comments?post=7758"}],"version-history":[{"count":3,"href":"https:\/\/gustykite.net\/fr\/wp-json\/wp\/v2\/pages\/7758\/revisions"}],"predecessor-version":[{"id":7825,"href":"https:\/\/gustykite.net\/fr\/wp-json\/wp\/v2\/pages\/7758\/revisions\/7825"}],"wp:attachment":[{"href":"https:\/\/gustykite.net\/fr\/wp-json\/wp\/v2\/media?parent=7758"}],"curies":[{"name":"wp","href":"https:\/\/api.w.org\/{rel}","templated":true}]}}