{"id":5970,"date":"2019-04-29T13:59:26","date_gmt":"2019-04-29T13:59:26","guid":{"rendered":"http:\/\/gustykite.net\/politica-de-privacidade\/"},"modified":"2026-02-26T04:05:52","modified_gmt":"2026-02-26T04:05:52","slug":"privacy-policy","status":"publish","type":"page","link":"https:\/\/gustykite.net\/pt-pt\/privacy-policy\/","title":{"rendered":"Privacy &amp; Cookie Policy"},"content":{"rendered":"<h3>Prote\u00e7\u00e3o de Dados e Isen\u00e7\u00e3o de Responsabilidade<\/h3>\n<p>Como operador deste site, levamos a protec\u00e7\u00e3o dos seus dados muito a s\u00e9rio. Tratamos as suas informa\u00e7\u00f5es pessoais como confidenciais e iremos lidar com elas de acordo com a legisla\u00e7\u00e3o de prote\u00e7\u00e3o de dados, bem como com os termos desta declara\u00e7\u00e3o.<br \/>Em princ\u00edpio, \u00e9 poss\u00edvel utilizar o nosso website sem fornecer quaisquer informa\u00e7\u00f5es pessoais. Na medida do poss\u00edvel, o fornecimento de informa\u00e7\u00f5es pessoais (por exemplo, nome, endere\u00e7o, endere\u00e7o de e-mail) ao nosso site permanecer\u00e1 volunt\u00e1rio. Essas informa\u00e7\u00f5es n\u00e3o ser\u00e3o divulgadas a terceiros sem o seu consentimento expresso.<br \/>Tenha em aten\u00e7\u00e3o que, por vezes, podem ocorrer problemas de seguran\u00e7a quando as informa\u00e7\u00f5es s\u00e3o transmitidas pela Internet (por exemplo, por e-mail). Portanto, n\u00e3o \u00e9 poss\u00edvel garantir uma prote\u00e7\u00e3o estanque aos dados contra o acesso de terceiros.<\/p>\n<h3>Cookies<\/h3>\n<p><script id=\"CookieDeclaration\" src=\"https:\/\/consent.cookiebot.com\/92346b0a-6de1-4a12-8a72-9c7e4744d038\/cd.js\" type=\"text\/javascript\" async=\"\"><\/script><\/p>\n\n<h3>\n          <strong>Exonera\u00e7\u00e3o de Responsabilidade do Google Analytics<\/strong>\n        <\/h3>\n\n<p>Este site usa o Google Analytics, um servi\u00e7o de an\u00e1lise da web fornecido pelo Google, Inc. (\u201cGoogle\u201d). O Google Analytics usa \u201ccookies\u201d, que s\u00e3o arquivos de texto colocados no seu computador para ajudar o site a analisar como os visitantes usam o site. As informa\u00e7\u00f5es geradas pelo cookie sobre o uso do site (incluindo seu endere\u00e7o IP) ser\u00e3o transmitidas e armazenadas pelo Google em servidores nos Estados Unidos. O Google usar\u00e1 essas informa\u00e7\u00f5es com o objetivo de avaliar o uso do site, compilando relat\u00f3rios sobre a atividade do site para operadores de site e fornecendo outros servi\u00e7os relacionados \u00e0 atividade do site e uso da Internet. O Google tamb\u00e9m pode transferir essas informa\u00e7\u00f5es a terceiros, quando exigido por lei, ou quando esses terceiros processam as informa\u00e7\u00f5es em nome do Google. O Google n\u00e3o associar\u00e1 o seu endere\u00e7o IP a nenhum outro dado mantido pelo Google. Voc\u00ea pode recusar o uso de cookies selecionando as configura\u00e7\u00f5es apropriadas em seu navegador; no entanto, observe que se voc\u00ea fizer isso, poder\u00e1 n\u00e3o conseguir usar todas as funcionalidades deste site. Ao utilizar este site, voc\u00ea concorda com o processamento de dados sobre voc\u00ea pelo Google na forma e para os fins definidos acima. Voc\u00ea pode impedir a coleta e o uso de dados pelo Google (cookies e endere\u00e7o IP) baixando e instalando o plug-in do navegador dispon\u00edvel em tools.google.com\/dlpage\/gaoptout. Observe que este site inicializa o Google Analytics com a configura\u00e7\u00e3o anonymizeIp. Isso garante a coleta de dados an\u00f4nimos, mascarando a \u00faltima parte do seu endere\u00e7o IP. Mais informa\u00e7\u00f5es sobre os termos e condi\u00e7\u00f5es de uso e privacidade de dados podem ser encontradas em www.google.com\/analytics \/terms\/gb.html ou em www.google.com\/intl\/en_uk\/analytics\/privacyoverview.html<\/p>\n\n<h3>Ficheiros de Registo do Servidor<\/h3>\n\n<p>O operador deste site coleta e armazena automaticamente informa\u00e7\u00f5es nos chamados arquivos de log do servidor, que s\u00e3o transmitidos a n\u00f3s automaticamente pelo seu navegador. Estes s\u00e3o:<\/p>\n\n<p>Tipo de navegador\/vers\u00e3o do navegador<br\/>Sistema operativo<br\/>URL de refer\u00eancia<br\/>Nome do host do computador que acedeu<br\/>Hora da solicita\u00e7\u00e3o ao servidor<\/p>\n\n<p>Essas informa\u00e7\u00f5es n\u00e3o podem ser vinculadas a indiv\u00edduos espec\u00edficos e n\u00e3o ser\u00e3o combinadas com informa\u00e7\u00f5es de nenhuma outra fonte de dados. Reservamos o direito de verificar as informa\u00e7\u00f5es em um est\u00e1gio posterior, caso tenhamos evid\u00eancias concretas de que est\u00e3o sendo usadas ilegalmente.<\/p>\n\n<h3>Formul\u00e1rio de Contacto<\/h3>\n\n<p>Se voc\u00ea nos enviar uma consulta usando nosso formul\u00e1rio de contato, n\u00f3s a armazenaremos incluindo todos os detalhes de contato que voc\u00ea forneceu para tratar de sua consulta e quaisquer perguntas subsequentes. N\u00e3o iremos transmitir esses dados sem o seu consentimento.<\/p>\n\n<h3>Isen\u00e7\u00e3o de responsabilidade<\/h3>\n\n<p>Este site \u00e9 apenas para fins informativos e n\u00e3o representa um contrato. O desenvolvedor se reserva o direito de alterar ou substituir qualquer ou todos os materiais, elementos e servi\u00e7os por um equivalente apropriado. Todas as informa\u00e7\u00f5es fornecidas, descri\u00e7\u00f5es e suas instala\u00e7\u00f5es, bem como quaisquer planos de vendas, pretendem ser apenas representativos por natureza e, portanto, ainda n\u00e3o s\u00e3o vinculativos, porque fatores t\u00e9cnicos, econ\u00f4micos ou legais e \/ ou regulamentos e diretrizes governamentais em particular podem exigir altera\u00e7\u00f5es ou altera\u00e7\u00f5es.<\/p>\n\n<p>Todas as imagens e fotografias servem apenas como exemplos e podem conter elementos \/ pe\u00e7as \/ acess\u00f3rios que n\u00e3o est\u00e3o inclu\u00eddos no modelo padr\u00e3o nem no pre\u00e7o de compra. Al\u00e9m disso, observe que ele pode apresentar varia\u00e7\u00f5es na cor, no acabamento da superf\u00edcie, nos materiais e na constru\u00e7\u00e3o.<\/p>\n\n<p>Quaisquer responsabilidades ou garantias s\u00e3o, portanto, exclu\u00eddas por parte de qualquer parte contratual nomeada neste site e \/ ou quaisquer funcion\u00e1rios ou \u00f3rg\u00e3os do mesmo. Nenhuma responsabilidade ou garantia ser\u00e1 assumida em rela\u00e7\u00e3o ao futuro cumprimento ou n\u00e3o cumprimento de ocorr\u00eancias espec\u00edficas, expectativas, suposi\u00e7\u00f5es, etc. A Gustykite n\u00e3o \u00e9 obrigada a fornecer atualiza\u00e7\u00f5es, suplementos, adi\u00e7\u00f5es ou informa\u00e7\u00f5es adicionais sobre futuras altera\u00e7\u00f5es relacionadas a este site<\/p>\n","protected":false},"excerpt":{"rendered":"<p>Prote\u00e7\u00e3o de Dados e Isen\u00e7\u00e3o de Responsabilidade Como operador deste site, levamos a protec\u00e7\u00e3o dos seus dados muito a s\u00e9rio. Tratamos as suas informa\u00e7\u00f5es pessoais como confidenciais e iremos lidar com elas de acordo com a legisla\u00e7\u00e3o de prote\u00e7\u00e3o de dados, bem como com os termos desta declara\u00e7\u00e3o.Em princ\u00edpio, \u00e9 poss\u00edvel utilizar o nosso website [&hellip;]<\/p>\n","protected":false},"author":1,"featured_media":0,"parent":0,"menu_order":0,"comment_status":"closed","ping_status":"closed","template":"","meta":{"_joinchat":[]},"_links":{"self":[{"href":"https:\/\/gustykite.net\/pt-pt\/wp-json\/wp\/v2\/pages\/5970"}],"collection":[{"href":"https:\/\/gustykite.net\/pt-pt\/wp-json\/wp\/v2\/pages"}],"about":[{"href":"https:\/\/gustykite.net\/pt-pt\/wp-json\/wp\/v2\/types\/page"}],"author":[{"embeddable":true,"href":"https:\/\/gustykite.net\/pt-pt\/wp-json\/wp\/v2\/users\/1"}],"replies":[{"embeddable":true,"href":"https:\/\/gustykite.net\/pt-pt\/wp-json\/wp\/v2\/comments?post=5970"}],"version-history":[{"count":3,"href":"https:\/\/gustykite.net\/pt-pt\/wp-json\/wp\/v2\/pages\/5970\/revisions"}],"predecessor-version":[{"id":7893,"href":"https:\/\/gustykite.net\/pt-pt\/wp-json\/wp\/v2\/pages\/5970\/revisions\/7893"}],"wp:attachment":[{"href":"https:\/\/gustykite.net\/pt-pt\/wp-json\/wp\/v2\/media?parent=5970"}],"curies":[{"name":"wp","href":"https:\/\/api.w.org\/{rel}","templated":true}]}}